{"id":5917,"date":"2019-07-24T09:40:03","date_gmt":"2019-07-24T00:40:03","guid":{"rendered":"http:\/\/www.kameyama-mie.jp\/kblog\/nishi\/?page_id=5917"},"modified":"2019-12-25T09:53:36","modified_gmt":"2019-12-25T00:53:36","slug":"%e7%99%bb%e9%8c%b2%e3%83%bb%e8%a8%bc%e6%98%8e%e6%9b%b8","status":"publish","type":"page","link":"https:\/\/www.kameyama-mie.jp\/kblog\/nishi\/?page_id=5917","title":{"rendered":"\u2605\u30a2\u30af\u30bb\u30b9\u30fb\u767b\u9332\u30fb\u8a3c\u660e"},"content":{"rendered":"<p>\u25cf<strong><a href=\"http:\/\/www.kameyama-mie.jp\/kblog\/nishi\/%e7%99%bb%e9%8c%b2%e3%83%bb%e8%a8%bc%e6%98%8e%e6%9b%b8\/%e2%98%85%e3%82%a2%e3%82%af%e3%82%bb%e3%82%b9\/\">\u30a2\u30af\u30bb\u30b9<\/a><\/strong><\/p>\n<p>\u25cf<strong><a href=\"http:\/\/www.kameyama-mie.jp\/kblog\/nishi\/%e7%99%bb%e9%8c%b2%e3%83%bb%e8%a8%bc%e6%98%8e%e6%9b%b8\/%e3%83%a1%e3%83%bc%e3%83%ab\/\">\u5b66\u6821\u914d\u4fe1\u30e1\u30fc\u30eb\u767b\u9332<\/a><\/strong><\/p>\n<p>\u25cf<a href=\"http:\/\/www.kameyama-mie.jp\/kblog\/nishi\/files\/2019\/12\/2728eaf25c3757305f5a382fd4fd375e.pdf\">\u65e5\u672c\u8a9e\u7248\u2605\u2605\u5b66\u6821\u611f\u67d3\u75c7\u5c4a\u51fa\u66f8\u2605\u2605<\/a><\/p>\n<p><a href=\"http:\/\/www.kameyama-mie.jp\/kblog\/nishi\/files\/2019\/12\/b91bec7260956510f1befdd7f6013ae3.pdf\">\u30dd\u30eb\u30c8\u30ac\u30eb\u8a9e\u7248\u3000\u5b66\u6821\u611f\u67d3\u75c7\u5c4a\u51fa\u66f8\u3000Sobre o Formul\u00e1rio Escolar de Notifica\u00e7\u00e3o de Doen\u00e7a Transmiss\u00edvel<\/a><\/p>\n<p><a href=\"http:\/\/www.kameyama-mie.jp\/kblog\/nishi\/files\/2019\/12\/c3e91742b68d4e9824a01f9f6167493f.pdf\">\u82f1\u8a9e\u7248\u3000\u5b66\u6821\u611f\u67d3\u75c7\u5c4a\u51fa\u66f8\u3000Requesting of submission school infectious disease notification <\/a><\/p>\n","protected":false},"excerpt":{"rendered":"<p>\u25cf\u30a2\u30af\u30bb\u30b9 \u25cf\u5b66\u6821\u914d\u4fe1\u30e1\u30fc\u30eb\u767b\u9332 \u25cf\u65e5\u672c\u8a9e\u7248\u2605\u2605\u5b66\u6821\u611f\u67d3\u75c7\u5c4a\u51fa\u66f8\u2605\u2605 \u30dd\u30eb\u30c8\u30ac\u30eb\u8a9e\u7248\u3000\u5b66\u6821\u611f\u67d3\u75c7\u5c4a\u51fa\u66f8\u3000Sobre o Formul\u00e1rio Escolar de Notifica\u00e7\u00e3o de Doen\u00e7a Transm &hellip; <a href=\"https:\/\/www.kameyama-mie.jp\/kblog\/nishi\/?page_id=5917\">\u7d9a\u304d\u3092\u8aad\u3080 <span class=\"meta-nav\">&rarr;<\/span><\/a><\/p>\n","protected":false},"author":6,"featured_media":0,"parent":0,"menu_order":3,"comment_status":"closed","ping_status":"closed","template":"","meta":[],"publishpress_future_action":{"enabled":false,"date":"2026-04-22 08:24:28","action":"draft","terms":[],"taxonomy":""},"_links":{"self":[{"href":"https:\/\/www.kameyama-mie.jp\/kblog\/nishi\/index.php?rest_route=\/wp\/v2\/pages\/5917"}],"collection":[{"href":"https:\/\/www.kameyama-mie.jp\/kblog\/nishi\/index.php?rest_route=\/wp\/v2\/pages"}],"about":[{"href":"https:\/\/www.kameyama-mie.jp\/kblog\/nishi\/index.php?rest_route=\/wp\/v2\/types\/page"}],"author":[{"embeddable":true,"href":"https:\/\/www.kameyama-mie.jp\/kblog\/nishi\/index.php?rest_route=\/wp\/v2\/users\/6"}],"replies":[{"embeddable":true,"href":"https:\/\/www.kameyama-mie.jp\/kblog\/nishi\/index.php?rest_route=%2Fwp%2Fv2%2Fcomments&post=5917"}],"version-history":[{"count":10,"href":"https:\/\/www.kameyama-mie.jp\/kblog\/nishi\/index.php?rest_route=\/wp\/v2\/pages\/5917\/revisions"}],"predecessor-version":[{"id":16018,"href":"https:\/\/www.kameyama-mie.jp\/kblog\/nishi\/index.php?rest_route=\/wp\/v2\/pages\/5917\/revisions\/16018"}],"wp:attachment":[{"href":"https:\/\/www.kameyama-mie.jp\/kblog\/nishi\/index.php?rest_route=%2Fwp%2Fv2%2Fmedia&parent=5917"}],"curies":[{"name":"wp","href":"https:\/\/api.w.org\/{rel}","templated":true}]}}