{"id":40281,"date":"2023-08-30T11:09:10","date_gmt":"2023-08-30T02:09:10","guid":{"rendered":"https:\/\/www.kameyama-mie.jp\/kblog\/kanbe\/%e5%ad%a6%e6%a0%a1%e6%84%9f%e6%9f%93%e7%97%87%e5%b1%8a%e5%87%ba%e6%9b%b8\/"},"modified":"2023-08-31T15:53:22","modified_gmt":"2023-08-31T06:53:22","slug":"%e5%ad%a6%e6%a0%a1%e6%84%9f%e6%9f%93%e7%97%87%e5%b1%8a%e5%87%ba%e6%9b%b8","status":"publish","type":"page","link":"https:\/\/www.kameyama-mie.jp\/kblog\/kanbe\/%e5%ad%a6%e6%a0%a1%e6%84%9f%e6%9f%93%e7%97%87%e5%b1%8a%e5%87%ba%e6%9b%b8\/","title":{"rendered":"\u30c0\u30a6\u30f3\u30ed\u30fc\u30c9"},"content":{"rendered":"\n<p><a href=\"https:\/\/www.kameyama-mie.jp\/kblog\/wp-content\/uploads\/2023\/08\/311ed0a8a078c190f25dad9631449d0b.pdf\">\u3010\u65e5\u672c\u8a9e\u3011\u611f\u67d3\u75c7\u5c4a\u51fa\u66f8<\/a><\/p>\n<p><a href=\"https:\/\/www.kameyama-mie.jp\/kblog\/wp-content\/uploads\/2023\/08\/d6eca37ae77f475305ef6e337f11b3d7.pdf\">\u3010\u65e5\u672c\u8a9e\u30eb\u30d3\u5165\u308a\u3011\u611f\u67d3\u75c7\u5c4a\u51fa\u66f8<\/a><\/p>\n<p><a href=\"https:\/\/www.kameyama-mie.jp\/kblog\/wp-content\/uploads\/2023\/08\/915f800820057ae9682565e521014da8.pdf\">\u3010\u82f1\u8a9e\u3011Requesting of submission school infectious disease notification<\/a><\/p>\n<p><a href=\"https:\/\/www.kameyama-mie.jp\/kblog\/wp-content\/uploads\/2023\/08\/a55d5a443010d3f7a17bedca7bf3f9ca.pdf\">\u3010\u30bf\u30ac\u30ed\u30b0\u8a9e\u3011PAKIUSAP SA PAGPAPASA NG SCHOOL INFECTIOUS DISEASE NOTIFICATION FORM<\/a><\/p>\n<p><a href=\"https:\/\/www.kameyama-mie.jp\/kblog\/wp-content\/uploads\/2023\/08\/e400b139976d7f326c68ea059bc2a27d.pdf\">\u3010\u30dd\u30eb\u30c8\u30ac\u30eb\u8a9e\u3011Sobre o Formul\u00e1rio Escolar de Notifica\u00e7\u00e3o de Doen\u00e7a Transmiss\u00edvel<\/a><\/p>\n<p><a href=\"https:\/\/www.kameyama-mie.jp\/kblog\/wp-content\/uploads\/2023\/08\/554ac0cb72fbca4556ea2274c09a2efd.pdf\">\u3010\u30b9\u30da\u30a4\u30f3\u8a9e\u3011Sobre la presentaci\u00f3n del \u00a8 Formulario de notificaci\u00f3n de enfermedad contagiosa<\/a><\/p>\n\n\n\n<p><a title=\"\u5b66\u6821\u65bd\u8a2d\u4f7f\u7528\u9858\u3044\" href=\"https:\/\/www.kameyama-mie.jp\/kblog\/kanbe\/files\/2023\/05\/500bedaadfdbff5c4565ef19633375af.pdf\" target=\"_blank\" rel=\"noopener\">\u25ef\u5b66\u6821\u65bd\u8a2d\u4f7f\u7528\u9858\u3044<\/a><\/p>\n","protected":false},"excerpt":{"rendered":"<p>\u3010\u65e5\u672c\u8a9e\u3011\u611f\u67d3\u75c7\u5c4a\u51fa\u66f8 \u3010\u65e5\u672c\u8a9e\u30eb\u30d3\u5165\u308a\u3011\u611f\u67d3\u75c7\u5c4a\u51fa\u66f8 \u3010\u82f1\u8a9e\u3011Requesting of submission school infectious disease notification \u3010\u30bf\u30ac\u30ed\u30b0\u8a9e\u3011PAKIUSA &hellip; <a href=\"https:\/\/www.kameyama-mie.jp\/kblog\/kanbe\/%e5%ad%a6%e6%a0%a1%e6%84%9f%e6%9f%93%e7%97%87%e5%b1%8a%e5%87%ba%e6%9b%b8\/\">\u7d9a\u304d\u3092\u8aad\u3080 <span class=\"meta-nav\">&rarr;<\/span><\/a><\/p>\n","protected":false},"author":1,"featured_media":0,"parent":0,"menu_order":7,"comment_status":"closed","ping_status":"closed","template":"","meta":[],"publishpress_future_action":{"enabled":false,"date":"2026-04-18 01:42:25","action":"draft","terms":[],"taxonomy":""},"_links":{"self":[{"href":"https:\/\/www.kameyama-mie.jp\/kblog\/kanbe\/wp-json\/wp\/v2\/pages\/40281"}],"collection":[{"href":"https:\/\/www.kameyama-mie.jp\/kblog\/kanbe\/wp-json\/wp\/v2\/pages"}],"about":[{"href":"https:\/\/www.kameyama-mie.jp\/kblog\/kanbe\/wp-json\/wp\/v2\/types\/page"}],"author":[{"embeddable":true,"href":"https:\/\/www.kameyama-mie.jp\/kblog\/kanbe\/wp-json\/wp\/v2\/users\/1"}],"replies":[{"embeddable":true,"href":"https:\/\/www.kameyama-mie.jp\/kblog\/kanbe\/wp-json\/wp\/v2\/comments?post=40281"}],"version-history":[{"count":2,"href":"https:\/\/www.kameyama-mie.jp\/kblog\/kanbe\/wp-json\/wp\/v2\/pages\/40281\/revisions"}],"predecessor-version":[{"id":40284,"href":"https:\/\/www.kameyama-mie.jp\/kblog\/kanbe\/wp-json\/wp\/v2\/pages\/40281\/revisions\/40284"}],"wp:attachment":[{"href":"https:\/\/www.kameyama-mie.jp\/kblog\/kanbe\/wp-json\/wp\/v2\/media?parent=40281"}],"curies":[{"name":"wp","href":"https:\/\/api.w.org\/{rel}","templated":true}]}}