{"id":6756,"date":"2024-10-08T16:50:58","date_gmt":"2024-10-08T07:50:58","guid":{"rendered":"https:\/\/www.kameyama-mie.jp\/kblog\/kameyama\/?page_id=6756"},"modified":"2025-03-06T16:24:17","modified_gmt":"2025-03-06T07:24:17","slug":"%e7%b7%8a%e6%80%a5%e6%99%82%e3%81%ae%e5%af%be%e5%bf%9c","status":"publish","type":"page","link":"https:\/\/www.kameyama-mie.jp\/kblog\/kameyama\/%e7%b7%8a%e6%80%a5%e6%99%82%e3%81%ae%e5%af%be%e5%bf%9c\/","title":{"rendered":"\u7dca\u6025\u6642\u306e\u5bfe\u5fdc"},"content":{"rendered":"\n<p><a href=\"https:\/\/www.kameyama-mie.jp\/kblog\/kameyama\/files\/2025\/03\/24ef347ab43f51f5dc60c9d7b1a7cc19.pdf\">\u5357\u6d77\u30c8\u30e9\u30d5\u5730\u9707\u7b49\u306e\u60c5\u5831\u53ca\u3073\u5927\u5730\u9707\u767a\u751f\u306b\u4f34\u3046\u5bfe\u5fdc<\/a><\/p>\n\n\n\n<p><a href=\"https:\/\/www.kameyama-mie.jp\/kblog\/kameyama\/files\/2025\/03\/f0a1d6d475feace4a3f27c5c0afe740d.pdf\">INFORMA\u00c7\u00d5ES SOBRE O TERREMOTO DA BACIA DE NANKAI (NANKAI TORAFU JISHIN) E MEDIDAS A TOMAR EM CASO DE TERREMOTO DE GRANDE INTENSIDADE<\/a><\/p>\n\n\n\n<p><a href=\"https:\/\/www.kameyama-mie.jp\/kblog\/kameyama\/files\/2025\/03\/278fb33b486153247b209615dea60150.pdf\">INFORMACI\u00d3N SOBRE EL TERREMOTO DE NANKAI TORAFU Y MEDIDAS A TOMAR EN CASO DE GRANDES TERREMOTOS<\/a><\/p>\n\n\n\n<p><a href=\"https:\/\/www.kameyama-mie.jp\/kblog\/kameyama\/files\/2025\/03\/2f01bd34f88f85aabb11a76c45adcaba.pdf\">Impormasyon sa Nankai Trough Earthquake, atbp. at Tugon sa isang Malaking Lindol<\/a><\/p>\n\n\n\n<p><a href=\"https:\/\/www.kameyama-mie.jp\/kblog\/kameyama\/files\/2025\/03\/00076b8b2942b17ba557d82af548c32b.pdf\">Information on the Nankai Trough Earthquake (NANKAI TORAFU JISHIN), etc. and Response to a Major Earthquake<\/a><\/p>\n\n\n\n<p><\/p>\n\n\n\n<p><a href=\"https:\/\/www.kameyama-mie.jp\/kblog\/kameyama\/files\/2025\/03\/c9ed3a22965b92f046a1e035b61d3749.pdf\">\u66b4\u98a8\u8b66\u5831\u7b49\u767a\u4ee4\u6642\u306b\u304a\u3051\u308b\u5bfe\u5fdc<\/a><\/p>\n\n\n\n<p><a href=\"https:\/\/www.kameyama-mie.jp\/kblog\/kameyama\/files\/2025\/03\/3c276b6da6a788ef59d4c038ba64317b.pdf\">MEDIDAS A TOMAR CASO SEJA EMITIDO ALARME DE TEMPESTADE \u00a8B\u014cF\u016a KEIH\u014c\u00a8<\/a><\/p>\n\n\n\n<p><a href=\"https:\/\/www.kameyama-mie.jp\/kblog\/kameyama\/files\/2025\/03\/198e6b663e73c885b1a00e4dbfe4ba62.pdf\">MEDIDAS A TOMAR EN CASO DE EMISI\u00d3N DE UNA ALERTA DE TORMENTA Y OTRAS ALERTAS SIMILARES<\/a><\/p>\n\n\n\n<p><a href=\"https:\/\/www.kameyama-mie.jp\/kblog\/kameyama\/files\/2025\/03\/eb4317da6fdafed3163c2cff6e449f8e.pdf\">MGA HAKBANG NA DAPAT GAWIN SAKALING MAGKAROON NG BABALA SA BAGYO, ATBP<\/a><\/p>\n\n\n\n<p><a href=\"https:\/\/www.kameyama-mie.jp\/kblog\/kameyama\/files\/2025\/03\/3b67b6479ba1495eb835991fd216d3db.pdf\">Response in the event of storm warnings, etc.<\/a><\/p>\n\n\n\n<p><\/p>\n\n\n\n<p><a href=\"https:\/\/www.kameyama-mie.jp\/kblog\/kameyama\/files\/2025\/03\/074fd7442a16081867b654fcb994a3bb.pdf\">\u5f3e\u9053\u30df\u30b5\u30a4\u30eb\u7b49\u306e\u767a\u5c04\u306b\u4f34\u3046J\u30a2\u30e9\u30fc\u30c8\u7b49\u306b\u3088\u308b\u7dca\u6025\u60c5\u5831\u304c\u767a\u4fe1\u3055\u308c\u305f\u5834\u5408\u306e<br>\u5bfe\u5fdc<\/a><\/p>\n\n\n\n<p><a href=\"https:\/\/www.kameyama-mie.jp\/kblog\/kameyama\/files\/2025\/03\/6886026fb35f2ac57a57f827e8a4c5b9.pdf\">SOBRE AS MEDIDAS A SEREM TOMADAS CASO SEJA EMITIDO AVISO DE EMERG\u00caNCIA SOBRE LAN\u00c7AMENTO DE M\u00cdSSIL BAL\u00cdSTICO JUNTAMENTE COM ALERTA J (J-AR\u0100DO)<\/a><\/p>\n\n\n\n<p><a href=\"https:\/\/www.kameyama-mie.jp\/kblog\/kameyama\/files\/2025\/03\/bd00da164c70568d77c8dd69fa787ce8.pdf\">SOBRE LAS MEDIDAS A TOMAR EN CASO DE EMISI\u00d3N DE INFORMACI\u00d3N DE EMERGENCIA A TRAV\u00c9S DE J-ALERT Y OTROS MEDIOS, DEBIDO AL LANZAMIENTO DE UN MISIL BAL\u00cdSTICO U OTROS PROYECTILES<\/a><\/p>\n\n\n\n<p><a href=\"https:\/\/www.kameyama-mie.jp\/kblog\/kameyama\/files\/2025\/03\/212be7ee557e7002fed5169655173b4f.pdf\">Tugon sa Impormasyong Pang-emergency na Inisyu ng J-Alert, atbp. Kasunod ng Paglulunsad ng Ballistic\u00a0 Missile, atbp.<\/a><\/p>\n\n\n\n<p><a href=\"https:\/\/www.kameyama-mie.jp\/kblog\/kameyama\/files\/2025\/03\/b06b2def51836b9ae7d4988d7616ff91.pdf\">Response to Emergency Information Issued by J-Alert, etc. Following the Launch of a Ballistic Missile, etc.<\/a><\/p>\n\n\n\n<p><\/p>\n\n\n\n<p><a href=\"https:\/\/www.kameyama-mie.jp\/kblog\/kameyama\/files\/2025\/03\/277675ef9efce97a226f727ecae8414a.pdf\">\u5b66\u6821\u6559\u80b2\u6d3b\u52d5\u7b49\u306b\u304a\u3051\u308b\u71b1\u4e2d\u75c7\u4e8b\u6545\u9632\u6b62\u306b\u5411\u3051\u305f\u5bfe\u5fdc<\/a><\/p>\n\n\n\n<p><a href=\"https:\/\/www.kameyama-mie.jp\/kblog\/kameyama\/files\/2025\/03\/464b370707856e071fc8dcc8a48ba8fe.pdf\">SOBRE AS MEDIDAS PREVENTIVAS CONTRA ACIDENTES POR HIPERTERMIA<\/a><\/p>\n\n\n\n<p><\/p>\n\n\n\n<p><a href=\"https:\/\/www.kameyama-mie.jp\/kblog\/kameyama\/files\/2025\/03\/d5dfb73823d4e6180b97831a37c62b00.pdf\">Mga hakbang para sa pag-iingat sa heat stroke<\/a><\/p>\n\n\n\n<p><strong><a href=\"https:\/\/www.kameyama-mie.jp\/kblog\/kameyama\/files\/2025\/03\/e30fb6b925c09bfe7276dd534334b99d.pdf\">Prevention of Heat Stroke Accidents in School Educational Activities<\/a><\/strong><\/p>\n\n\n\n<p><\/p>\n\n\n\n<p><a href=\"https:\/\/www.kameyama-mie.jp\/kblog\/kameyama\/files\/2025\/03\/1e59bbd8cb53d7287d317b67a41c5557.pdf\">\u5b66\u6821\u6559\u80b2\u6d3b\u52d5\u306b\u304a\u3051\u308b\u71b1\u4e2d\u75c7\u4e8b\u6545\u9632\u6b62<\/a><\/p>\n\n\n\n<p><a href=\"https:\/\/www.kameyama-mie.jp\/kblog\/kameyama\/files\/2025\/03\/0a10918289c0e252e384ce6ce3b2afaa.pdf\">PREVEN\u00c7\u00c3O DE ACIDENTES POR HIPERTERMIA NAS ATIVIDADES EDUCATIVAS DA ESCOLA<\/a><\/p>\n\n\n\n<p><a href=\"https:\/\/www.kameyama-mie.jp\/kblog\/kameyama\/files\/2025\/03\/f752126e30c9db5f883a7118b95eb45f.pdf\">SOBRE LA PREVENCI\u00d3N DE ACCIDENTES POR GOLPES DE CALOR EN LAS ACTIVIDADES EDUCATIVAS ESCOLARES<\/a><\/p>\n\n\n\n<p><a href=\"https:\/\/www.kameyama-mie.jp\/kblog\/kameyama\/files\/2025\/03\/5aec415f7870f21fd626c6b1ad4dfa97.pdf\">Tungkol sa pag-iingat laban sa heat stroke sa school activities<\/a><\/p>\n\n\n\n<p><strong><a href=\"https:\/\/www.kameyama-mie.jp\/kblog\/kameyama\/files\/2025\/03\/2d4f4159078057ac033bdd88c2805ef9.pdf\">Measures to Prevent Heat Stroke Accidents in School Educational Activities, etc.<\/a><\/strong><\/p>\n","protected":false},"excerpt":{"rendered":"<p>\u5357\u6d77\u30c8\u30e9\u30d5\u5730\u9707\u7b49\u306e\u60c5\u5831\u53ca\u3073\u5927\u5730\u9707\u767a\u751f\u306b\u4f34\u3046\u5bfe\u5fdc INFORMA\u00c7\u00d5ES SOBRE O TERREMOTO DA BACIA DE NANKAI (NANKAI TORAFU JISHIN) E MEDIDAS A TO &hellip; <a href=\"https:\/\/www.kameyama-mie.jp\/kblog\/kameyama\/%e7%b7%8a%e6%80%a5%e6%99%82%e3%81%ae%e5%af%be%e5%bf%9c\/\">\u7d9a\u304d\u3092\u8aad\u3080 <span class=\"meta-nav\">&rarr;<\/span><\/a><\/p>\n","protected":false},"author":13,"featured_media":0,"parent":0,"menu_order":0,"comment_status":"closed","ping_status":"closed","template":"","meta":[],"publishpress_future_action":{"enabled":false,"date":"2026-04-16 18:44:41","action":"draft","terms":[],"taxonomy":""},"_links":{"self":[{"href":"https:\/\/www.kameyama-mie.jp\/kblog\/kameyama\/wp-json\/wp\/v2\/pages\/6756"}],"collection":[{"href":"https:\/\/www.kameyama-mie.jp\/kblog\/kameyama\/wp-json\/wp\/v2\/pages"}],"about":[{"href":"https:\/\/www.kameyama-mie.jp\/kblog\/kameyama\/wp-json\/wp\/v2\/types\/page"}],"author":[{"embeddable":true,"href":"https:\/\/www.kameyama-mie.jp\/kblog\/kameyama\/wp-json\/wp\/v2\/users\/13"}],"replies":[{"embeddable":true,"href":"https:\/\/www.kameyama-mie.jp\/kblog\/kameyama\/wp-json\/wp\/v2\/comments?post=6756"}],"version-history":[{"count":13,"href":"https:\/\/www.kameyama-mie.jp\/kblog\/kameyama\/wp-json\/wp\/v2\/pages\/6756\/revisions"}],"predecessor-version":[{"id":6915,"href":"https:\/\/www.kameyama-mie.jp\/kblog\/kameyama\/wp-json\/wp\/v2\/pages\/6756\/revisions\/6915"}],"wp:attachment":[{"href":"https:\/\/www.kameyama-mie.jp\/kblog\/kameyama\/wp-json\/wp\/v2\/media?parent=6756"}],"curies":[{"name":"wp","href":"https:\/\/api.w.org\/{rel}","templated":true}]}}